{"id":1504,"date":"2023-12-30T18:19:26","date_gmt":"2023-12-30T17:19:26","guid":{"rendered":"https:\/\/helin-s.com\/?page_id=1504"},"modified":"2023-12-30T18:19:30","modified_gmt":"2023-12-30T17:19:30","slug":"location","status":"publish","type":"page","link":"https:\/\/helin-s.com\/index.php\/location\/","title":{"rendered":"location"},"content":{"rendered":"\t\t<div data-elementor-type=\"wp-page\" data-elementor-id=\"1504\" class=\"elementor elementor-1504\">\n\t\t\t\t<div class=\"elementor-element elementor-element-736f7d1 e-flex e-con-boxed e-con e-parent\" data-id=\"736f7d1\" data-element_type=\"container\" data-settings=\"{&quot;background_background&quot;:&quot;gradient&quot;,&quot;content_width&quot;:&quot;boxed&quot;}\" data-core-v316-plus=\"true\">\n\t\t\t\t\t<div class=\"e-con-inner\">\n\t\t\t\t<div class=\"elementor-element elementor-element-defad6e elementor-widget elementor-widget-heading\" data-id=\"defad6e\" data-element_type=\"widget\" data-widget_type=\"heading.default\">\n\t\t\t\t<div class=\"elementor-widget-container\">\n\t\t\t<style>\/*! elementor - v3.19.0 - 29-01-2024 *\/\n.elementor-heading-title{padding:0;margin:0;line-height:1}.elementor-widget-heading .elementor-heading-title[class*=elementor-size-]>a{color:inherit;font-size:inherit;line-height:inherit}.elementor-widget-heading .elementor-heading-title.elementor-size-small{font-size:15px}.elementor-widget-heading .elementor-heading-title.elementor-size-medium{font-size:19px}.elementor-widget-heading .elementor-heading-title.elementor-size-large{font-size:29px}.elementor-widget-heading .elementor-heading-title.elementor-size-xl{font-size:39px}.elementor-widget-heading .elementor-heading-title.elementor-size-xxl{font-size:59px}<\/style><h2 class=\"elementor-heading-title elementor-size-default\">Location<\/h2>\t\t<\/div>\n\t\t\t\t<\/div>\n\t\t\t\t\t<\/div>\n\t\t\t\t<\/div>\n\t\t<div class=\"elementor-element elementor-element-03c275d e-flex e-con-boxed e-con e-parent\" data-id=\"03c275d\" data-element_type=\"container\" data-settings=\"{&quot;content_width&quot;:&quot;boxed&quot;}\" data-core-v316-plus=\"true\">\n\t\t\t\t\t<div class=\"e-con-inner\">\n\t\t<div class=\"elementor-element elementor-element-80c56a9 e-con-full e-flex e-con e-child\" data-id=\"80c56a9\" data-element_type=\"container\" data-settings=\"{&quot;content_width&quot;:&quot;full&quot;}\">\n\t\t\t\t<div class=\"elementor-element elementor-element-9f13b62 elementor-widget elementor-widget-text-editor\" data-id=\"9f13b62\" data-element_type=\"widget\" data-widget_type=\"text-editor.default\">\n\t\t\t\t<div class=\"elementor-widget-container\">\n\t\t\t<style>\/*! elementor - v3.19.0 - 29-01-2024 *\/\n.elementor-widget-text-editor.elementor-drop-cap-view-stacked .elementor-drop-cap{background-color:#69727d;color:#fff}.elementor-widget-text-editor.elementor-drop-cap-view-framed .elementor-drop-cap{color:#69727d;border:3px solid;background-color:transparent}.elementor-widget-text-editor:not(.elementor-drop-cap-view-default) .elementor-drop-cap{margin-top:8px}.elementor-widget-text-editor:not(.elementor-drop-cap-view-default) .elementor-drop-cap-letter{width:1em;height:1em}.elementor-widget-text-editor .elementor-drop-cap{float:left;text-align:center;line-height:1;font-size:50px}.elementor-widget-text-editor .elementor-drop-cap-letter{display:inline-block}<\/style>\t\t\t\t<p>Pourquoi choisir la location plut\u00f4t que l\u2019achat d\u2019une tenue de soir\u00e9e\u00a0?<\/p>\t\t\t\t\t\t<\/div>\n\t\t\t\t<\/div>\n\t\t\t\t<div class=\"elementor-element elementor-element-3a5a762 elementor-widget elementor-widget-text-editor\" data-id=\"3a5a762\" data-element_type=\"widget\" data-widget_type=\"text-editor.default\">\n\t\t\t\t<div class=\"elementor-widget-container\">\n\t\t\t\t\t\t\t<p>Tout d\u2019abord la question du prix intervient dans cette d\u00e9cision. En effet, pourquoi investir des centaines d\u2019euros dans une tenues de soir\u00e9es qui sera port\u00e9e que quelques fois\u00a0? la location permet d\u2019\u00e9conomiser beaucoup sur une soir\u00e9e et de pouvoir s\u2019offrir le luxe de porter une robe diff\u00e9rente \u00e0 chaque \u00e9v\u00e8nement.<br \/>De plus la question de l\u2019\u00e9cologie se pose\u2026 louer une robe pour un soir au lieu de l\u2019acheter permet d\u2019\u00e9viter le gaspillage de textile, qui un des plus gros probl\u00e8mes de l\u2019industrie de la mode.<\/p>\t\t\t\t\t\t<\/div>\n\t\t\t\t<\/div>\n\t\t\t\t<div class=\"elementor-element elementor-element-a20b6fb elementor-widget elementor-widget-heading\" data-id=\"a20b6fb\" data-element_type=\"widget\" data-widget_type=\"heading.default\">\n\t\t\t\t<div class=\"elementor-widget-container\">\n\t\t\t<h2 class=\"elementor-heading-title elementor-size-default\">Comment se passe la location\u00a0?\n<\/h2>\t\t<\/div>\n\t\t\t\t<\/div>\n\t\t\t\t<div class=\"elementor-element elementor-element-1e13e7d elementor-widget elementor-widget-text-editor\" data-id=\"1e13e7d\" data-element_type=\"widget\" data-widget_type=\"text-editor.default\">\n\t\t\t\t<div class=\"elementor-widget-container\">\n\t\t\t\t\t\t\t<p>Etape 1\u00a0: le contrat <br \/>Vous pouvez nous contactez par t\u00e9l\u00e9phone ou par e-mail pour nous informez de la dur\u00e9e et de la date souhait\u00e9e pour la location de l\u2019un de nos produits. Suite \u00e0 quoi nous aurons le plaisir de vous envoyez un contrat de location \u00e0 lire et signer.<br \/>Etape 2\u00a0: le paiement<br \/>Le paiement se fait lors de la r\u00e9servation, un ch\u00e8que de caution (qui ne sera pas encaiss\u00e9 sauf cas de d\u00e9gradations majeurs du produit) sera demand\u00e9.<br \/>Etape 3\u00a0: la prise en charge du produit<br \/>Vous avez le choix entre l\u2019envoie du produit louer en colis ou la remise en main propre de l\u2019article.<br \/>Etape 4\u00a0: Rendre le produit louer <br \/>Apr\u00e8s avoir \u00e9blouie votre entourage avec notre cr\u00e9ation, vous pourrez nous renvoyez le produit.<\/p>\t\t\t\t\t\t<\/div>\n\t\t\t\t<\/div>\n\t\t\t\t<\/div>\n\t\t<div class=\"elementor-element elementor-element-fc2878f e-con-full e-flex e-con e-child\" data-id=\"fc2878f\" data-element_type=\"container\" data-settings=\"{&quot;content_width&quot;:&quot;full&quot;}\">\n\t\t\t\t<div class=\"elementor-element elementor-element-de4605f elementor-widget elementor-widget-image\" data-id=\"de4605f\" data-element_type=\"widget\" data-widget_type=\"image.default\">\n\t\t\t\t<div class=\"elementor-widget-container\">\n\t\t\t<style>\/*! elementor - v3.19.0 - 29-01-2024 *\/\n.elementor-widget-image{text-align:center}.elementor-widget-image a{display:inline-block}.elementor-widget-image a img[src$=\".svg\"]{width:48px}.elementor-widget-image img{vertical-align:middle;display:inline-block}<\/style>\t\t\t\t\t\t\t\t\t\t<img fetchpriority=\"high\" decoding=\"async\" width=\"600\" height=\"900\" src=\"https:\/\/helin-s.com\/wp-content\/uploads\/2023\/12\/2023-10-10-gaelle-102-Modifier.jpg\" class=\"attachment-large size-large wp-image-1507\" alt=\"\" srcset=\"https:\/\/helin-s.com\/wp-content\/uploads\/2023\/12\/2023-10-10-gaelle-102-Modifier.jpg 600w, https:\/\/helin-s.com\/wp-content\/uploads\/2023\/12\/2023-10-10-gaelle-102-Modifier-200x300.jpg 200w\" sizes=\"(max-width: 600px) 100vw, 600px\" \/>\t\t\t\t\t\t\t\t\t\t\t\t\t<\/div>\n\t\t\t\t<\/div>\n\t\t\t\t<\/div>\n\t\t\t\t\t<\/div>\n\t\t\t\t<\/div>\n\t\t\t\t<\/div>\n\t\t","protected":false},"excerpt":{"rendered":"<p>Location Pourquoi choisir la location plut\u00f4t que l\u2019achat d\u2019une tenue de soir\u00e9e\u00a0? Tout d\u2019abord la question du prix intervient dans cette d\u00e9cision. En effet, pourquoi investir des centaines d\u2019euros dans une tenues de soir\u00e9es qui sera port\u00e9e que quelques fois\u00a0? la location permet d\u2019\u00e9conomiser beaucoup sur une soir\u00e9e et de pouvoir s\u2019offrir le luxe de [&hellip;]<\/p>\n","protected":false},"author":1,"featured_media":0,"parent":0,"menu_order":0,"comment_status":"closed","ping_status":"closed","template":"","meta":{"site-sidebar-layout":"no-sidebar","site-content-layout":"page-builder","ast-site-content-layout":"full-width-container","site-content-style":"default","site-sidebar-style":"default","ast-global-header-display":"","ast-banner-title-visibility":"","ast-main-header-display":"","ast-hfb-above-header-display":"","ast-hfb-below-header-display":"","ast-hfb-mobile-header-display":"","site-post-title":"disabled","ast-breadcrumbs-content":"","ast-featured-img":"disabled","footer-sml-layout":"","theme-transparent-header-meta":"","adv-header-id-meta":"","stick-header-meta":"","header-above-stick-meta":"","header-main-stick-meta":"","header-below-stick-meta":"","astra-migrate-meta-layouts":"set","ast-page-background-enabled":"default","ast-page-background-meta":{"desktop":{"background-color":"","background-image":"","background-repeat":"repeat","background-position":"center center","background-size":"auto","background-attachment":"scroll","background-type":"","background-media":"","overlay-type":"","overlay-color":"","overlay-gradient":""},"tablet":{"background-color":"","background-image":"","background-repeat":"repeat","background-position":"center center","background-size":"auto","background-attachment":"scroll","background-type":"","background-media":"","overlay-type":"","overlay-color":"","overlay-gradient":""},"mobile":{"background-color":"","background-image":"","background-repeat":"repeat","background-position":"center center","background-size":"auto","background-attachment":"scroll","background-type":"","background-media":"","overlay-type":"","overlay-color":"","overlay-gradient":""}},"ast-content-background-meta":{"desktop":{"background-color":"var(--ast-global-color-5)","background-image":"","background-repeat":"repeat","background-position":"center center","background-size":"auto","background-attachment":"scroll","background-type":"","background-media":"","overlay-type":"","overlay-color":"","overlay-gradient":""},"tablet":{"background-color":"var(--ast-global-color-5)","background-image":"","background-repeat":"repeat","background-position":"center center","background-size":"auto","background-attachment":"scroll","background-type":"","background-media":"","overlay-type":"","overlay-color":"","overlay-gradient":""},"mobile":{"background-color":"var(--ast-global-color-5)","background-image":"","background-repeat":"repeat","background-position":"center center","background-size":"auto","background-attachment":"scroll","background-type":"","background-media":"","overlay-type":"","overlay-color":"","overlay-gradient":""}},"footnotes":""},"class_list":["post-1504","page","type-page","status-publish","hentry"],"_links":{"self":[{"href":"https:\/\/helin-s.com\/index.php\/wp-json\/wp\/v2\/pages\/1504","targetHints":{"allow":["GET"]}}],"collection":[{"href":"https:\/\/helin-s.com\/index.php\/wp-json\/wp\/v2\/pages"}],"about":[{"href":"https:\/\/helin-s.com\/index.php\/wp-json\/wp\/v2\/types\/page"}],"author":[{"embeddable":true,"href":"https:\/\/helin-s.com\/index.php\/wp-json\/wp\/v2\/users\/1"}],"replies":[{"embeddable":true,"href":"https:\/\/helin-s.com\/index.php\/wp-json\/wp\/v2\/comments?post=1504"}],"version-history":[{"count":4,"href":"https:\/\/helin-s.com\/index.php\/wp-json\/wp\/v2\/pages\/1504\/revisions"}],"predecessor-version":[{"id":1510,"href":"https:\/\/helin-s.com\/index.php\/wp-json\/wp\/v2\/pages\/1504\/revisions\/1510"}],"wp:attachment":[{"href":"https:\/\/helin-s.com\/index.php\/wp-json\/wp\/v2\/media?parent=1504"}],"curies":[{"name":"wp","href":"https:\/\/api.w.org\/{rel}","templated":true}]}}